{"id":16,"date":"2013-04-05T15:20:07","date_gmt":"2013-04-05T14:20:07","guid":{"rendered":"http:\/\/praxis-guillmot.eu\/?page_id=16"},"modified":"2018-03-17T13:02:11","modified_gmt":"2018-03-17T12:02:11","slug":"auscultation","status":"publish","type":"page","link":"http:\/\/praxis-guillmot.eu\/?page_id=16","title":{"rendered":"Auscultation"},"content":{"rendered":"<p>L&rsquo;auscultation est la partie de l&rsquo;examen clinique qui consiste \u00e0 \u00e9couter, \u00e0 l&rsquo;aide d&rsquo;un st\u00e9thoscope, ou simplement l&rsquo;oreille pos\u00e9e sur le thorax, divers bruits produits par les organes du corps humain, notamment ceux \u00e9mis par le c\u0153ur, les poumons, le tube digestif, les carotides et les art\u00e8res f\u00e9morales.<\/p>\n<p>Cette m\u00e9thode de diagnostic compl\u00e8te d&rsquo;autres moyens simples tels que l&rsquo;inspection, la palpation et la percussion.<\/p>\n","protected":false},"excerpt":{"rendered":"<p>L&rsquo;auscultation est la partie de l&rsquo;examen clinique qui consiste \u00e0 \u00e9couter, \u00e0 l&rsquo;aide d&rsquo;un st\u00e9thoscope, ou simplement l&rsquo;oreille pos\u00e9e sur le thorax, divers bruits produits par les organes du corps humain, notamment ceux \u00e9mis par le c\u0153ur, les poumons, le tube digestif, les carotides et les art\u00e8res f\u00e9morales. Cette m\u00e9thode de diagnostic compl\u00e8te d&rsquo;autres moyens [&hellip;]<\/p>\n","protected":false},"author":1,"featured_media":0,"parent":14,"menu_order":6,"comment_status":"closed","ping_status":"closed","template":"","meta":{"footnotes":""},"class_list":["post-16","page","type-page","status-publish","hentry"],"_links":{"self":[{"href":"http:\/\/praxis-guillmot.eu\/index.php?rest_route=\/wp\/v2\/pages\/16"}],"collection":[{"href":"http:\/\/praxis-guillmot.eu\/index.php?rest_route=\/wp\/v2\/pages"}],"about":[{"href":"http:\/\/praxis-guillmot.eu\/index.php?rest_route=\/wp\/v2\/types\/page"}],"author":[{"embeddable":true,"href":"http:\/\/praxis-guillmot.eu\/index.php?rest_route=\/wp\/v2\/users\/1"}],"replies":[{"embeddable":true,"href":"http:\/\/praxis-guillmot.eu\/index.php?rest_route=%2Fwp%2Fv2%2Fcomments&post=16"}],"version-history":[{"count":2,"href":"http:\/\/praxis-guillmot.eu\/index.php?rest_route=\/wp\/v2\/pages\/16\/revisions"}],"predecessor-version":[{"id":696,"href":"http:\/\/praxis-guillmot.eu\/index.php?rest_route=\/wp\/v2\/pages\/16\/revisions\/696"}],"up":[{"embeddable":true,"href":"http:\/\/praxis-guillmot.eu\/index.php?rest_route=\/wp\/v2\/pages\/14"}],"wp:attachment":[{"href":"http:\/\/praxis-guillmot.eu\/index.php?rest_route=%2Fwp%2Fv2%2Fmedia&parent=16"}],"curies":[{"name":"wp","href":"https:\/\/api.w.org\/{rel}","templated":true}]}}