{"id":18,"date":"2013-04-05T15:20:43","date_gmt":"2013-04-05T14:20:43","guid":{"rendered":"http:\/\/praxis-guillmot.eu\/?page_id=18"},"modified":"2018-03-17T13:33:57","modified_gmt":"2018-03-17T12:33:57","slug":"bioelectronique-de-vincent","status":"publish","type":"page","link":"http:\/\/praxis-guillmot.eu\/?page_id=18","title":{"rendered":"Bio\u00e9lectronique de Vincent"},"content":{"rendered":"<p>La bio\u00e9lectronique de Vincent est reconnue aujourd&rsquo;hui comme particuli\u00e8rement efficace :<\/p>\n<ul>\n<li>Pour d\u00e9terminer l&rsquo;\u00e9tat de sant\u00e9 (ou de maladie) des \u00eatres vivants (humains ou animaux).<\/li>\n<li>Pour appr\u00e9cier la nature des produits utilisables en vue d&rsquo;assurer la restauration de la sant\u00e9.<\/li>\n<li>Pour conna\u00eetre la qualit\u00e9 biologique des aliments, des boissons, des produits d&rsquo;hygi\u00e8ne, des techniques agricoles (production, \u00e9levage).<\/li>\n<\/ul>\n","protected":false},"excerpt":{"rendered":"<p>La bio\u00e9lectronique de Vincent est reconnue aujourd&rsquo;hui comme particuli\u00e8rement efficace : Pour d\u00e9terminer l&rsquo;\u00e9tat de sant\u00e9 (ou de maladie) des \u00eatres vivants (humains ou animaux). Pour appr\u00e9cier la nature des produits utilisables en vue d&rsquo;assurer la restauration de la sant\u00e9. Pour conna\u00eetre la qualit\u00e9 biologique des aliments, des boissons, des produits d&rsquo;hygi\u00e8ne, des techniques agricoles [&hellip;]<\/p>\n","protected":false},"author":1,"featured_media":0,"parent":14,"menu_order":4,"comment_status":"closed","ping_status":"closed","template":"page_fullwidth.php","meta":{"footnotes":""},"class_list":["post-18","page","type-page","status-publish","hentry"],"_links":{"self":[{"href":"http:\/\/praxis-guillmot.eu\/index.php?rest_route=\/wp\/v2\/pages\/18"}],"collection":[{"href":"http:\/\/praxis-guillmot.eu\/index.php?rest_route=\/wp\/v2\/pages"}],"about":[{"href":"http:\/\/praxis-guillmot.eu\/index.php?rest_route=\/wp\/v2\/types\/page"}],"author":[{"embeddable":true,"href":"http:\/\/praxis-guillmot.eu\/index.php?rest_route=\/wp\/v2\/users\/1"}],"replies":[{"embeddable":true,"href":"http:\/\/praxis-guillmot.eu\/index.php?rest_route=%2Fwp%2Fv2%2Fcomments&post=18"}],"version-history":[{"count":2,"href":"http:\/\/praxis-guillmot.eu\/index.php?rest_route=\/wp\/v2\/pages\/18\/revisions"}],"predecessor-version":[{"id":694,"href":"http:\/\/praxis-guillmot.eu\/index.php?rest_route=\/wp\/v2\/pages\/18\/revisions\/694"}],"up":[{"embeddable":true,"href":"http:\/\/praxis-guillmot.eu\/index.php?rest_route=\/wp\/v2\/pages\/14"}],"wp:attachment":[{"href":"http:\/\/praxis-guillmot.eu\/index.php?rest_route=%2Fwp%2Fv2%2Fmedia&parent=18"}],"curies":[{"name":"wp","href":"https:\/\/api.w.org\/{rel}","templated":true}]}}