{"id":19,"date":"2013-04-05T15:21:07","date_gmt":"2013-04-05T14:21:07","guid":{"rendered":"http:\/\/praxis-guillmot.eu\/?page_id=19"},"modified":"2018-03-17T13:33:51","modified_gmt":"2018-03-17T12:33:51","slug":"cellsymbiosis-therapie","status":"publish","type":"page","link":"http:\/\/praxis-guillmot.eu\/?page_id=19","title":{"rendered":"Cellsymbiosis th\u00e9rapie"},"content":{"rendered":"<h4><span style=\"font-family: Times New Roman,serif;\"><span style=\"font-size: medium;\"><span style=\"font-family: Arial,serif;\"><span style=\"font-size: small;\">La Cellsymbiosis th\u00e9rapie selon le Dr. Heinrich Kremer<\/span><\/span><\/span><\/span><\/h4>\n<p style=\"text-align: justify;\" align=\"JUSTIFY\"><span style=\"font-family: Times New Roman,serif;\"><span style=\"font-size: medium;\"><span style=\"font-family: Arial,serif;\"><span style=\"font-size: small;\">C&rsquo;est un nouveau concept th\u00e9rapeutique au niveau mondial. Cette th\u00e9rapie de compensation, naturelle, innovatrice, adjuvante, nutritionnelle et non cytotoxique se base sur des connaissances scientifiques solides. Des centaines de cas cliniques, document\u00e9s scientifiquement et m\u00e9thodiquement avec un laboratoire allemand reconnu par les caisses de maladies allemandes, confirment le bien-fond\u00e9 de cette m\u00e9decine naturelle. Des formations post-universitaires propos\u00e9es aux m\u00e9decins en Allemagne sont certifi\u00e9es par des ordres de m\u00e9decins de ce pays. \u00a0\u00a0<\/span><\/span><\/span><\/span><\/p>\n<p style=\"text-align: justify;\" align=\"JUSTIFY\"><span style=\"font-family: Arial,serif;\"><span style=\"font-size: small;\">Le test des anticorps alimentaires est le point de d\u00e9part d&rsquo;une th\u00e9rapie nutritionnelle individuelle et faite sur mesure. Nous vous invitons \u00e0 visiter la rubrique exclusivement consacr\u00e9e au test <a href=\"http:\/\/www.reseaucellsymbiosis.eu\/http-www-reseaucellsymbiosis-eu-test-pro-immun-m-html-1.html\">Pro Immun M<\/a> qui est un test de d\u00e9pistage des IgG de 1 \u00e0 4.\u00a0<\/span><\/span><\/p>\n<h4>Domaines d\u2019application\u00a0:<\/h4>\n<p>Maladies chroniques<\/p>\n<p>Maladies inflammatoires<\/p>\n<p>Cancers<\/p>\n<p>Maladies auto-immunes<\/p>\n","protected":false},"excerpt":{"rendered":"<p>La Cellsymbiosis th\u00e9rapie selon le Dr. Heinrich Kremer C&rsquo;est un nouveau concept th\u00e9rapeutique au niveau mondial. Cette th\u00e9rapie de compensation, naturelle, innovatrice, adjuvante, nutritionnelle et non cytotoxique se base sur des connaissances scientifiques solides. Des centaines de cas cliniques, document\u00e9s scientifiquement et m\u00e9thodiquement avec un laboratoire allemand reconnu par les caisses de maladies allemandes, confirment [&hellip;]<\/p>\n","protected":false},"author":1,"featured_media":0,"parent":14,"menu_order":3,"comment_status":"closed","ping_status":"closed","template":"page_fullwidth.php","meta":{"footnotes":""},"class_list":["post-19","page","type-page","status-publish","hentry"],"_links":{"self":[{"href":"http:\/\/praxis-guillmot.eu\/index.php?rest_route=\/wp\/v2\/pages\/19"}],"collection":[{"href":"http:\/\/praxis-guillmot.eu\/index.php?rest_route=\/wp\/v2\/pages"}],"about":[{"href":"http:\/\/praxis-guillmot.eu\/index.php?rest_route=\/wp\/v2\/types\/page"}],"author":[{"embeddable":true,"href":"http:\/\/praxis-guillmot.eu\/index.php?rest_route=\/wp\/v2\/users\/1"}],"replies":[{"embeddable":true,"href":"http:\/\/praxis-guillmot.eu\/index.php?rest_route=%2Fwp%2Fv2%2Fcomments&post=19"}],"version-history":[{"count":1,"href":"http:\/\/praxis-guillmot.eu\/index.php?rest_route=\/wp\/v2\/pages\/19\/revisions"}],"predecessor-version":[{"id":724,"href":"http:\/\/praxis-guillmot.eu\/index.php?rest_route=\/wp\/v2\/pages\/19\/revisions\/724"}],"up":[{"embeddable":true,"href":"http:\/\/praxis-guillmot.eu\/index.php?rest_route=\/wp\/v2\/pages\/14"}],"wp:attachment":[{"href":"http:\/\/praxis-guillmot.eu\/index.php?rest_route=%2Fwp%2Fv2%2Fmedia&parent=19"}],"curies":[{"name":"wp","href":"https:\/\/api.w.org\/{rel}","templated":true}]}}