{"id":29,"date":"2013-04-05T15:23:10","date_gmt":"2013-04-05T14:23:10","guid":{"rendered":"http:\/\/praxis-guillmot.eu\/?page_id=29"},"modified":"2018-03-17T13:33:12","modified_gmt":"2018-03-17T12:33:12","slug":"drainage-des-organes","status":"publish","type":"page","link":"http:\/\/praxis-guillmot.eu\/?page_id=29","title":{"rendered":"Drainage des organes"},"content":{"rendered":"<p>De tr\u00e8s nombreuses personnes ont le foie ou les reins encombr\u00e9s. Comme n\u2019importe quel organisme, le m\u00e9tabolisme produit des d\u00e9chets que nous avons parfois un peu de mal \u00e0 \u00e9liminer, Les deux organes fonctionnent comme des filtres et dans une \u00ab\u00a0utilisation\u00a0\u00bb dite normale, ils s\u2019autonettoient. Cependant, avec le temps, un encrassement se produit chez de tr\u00e8s nombreuses personnes et il peut \u00eatre n\u00e9cessaire de proc\u00e9der, non pas au remplacement du filtre comme chez le garagiste\u2026, mais \u00e0 son nettoyage. Cela se fait depuis la nuit des temps et les animaux le font d\u2019instinct. Il y a plusieurs m\u00e9thodes, choisies en fonction de la probl\u00e9matique de sant\u00e9 \u00e0 r\u00e9soudre\u00a0: Cure du Dr Hulda Clark pour le foie, tisane de Breuss pour les reins, lavements au caf\u00e9 pour le foie, m\u00e9lange citron-gingembre pour l\u2019ensemble du corps et autres plantes ou compl\u00e9ments alimentaires.<\/p>\n<p>Je vous pr\u00e9ciserai et vous expliquerai quelle m\u00e9thode employer et comment proc\u00e9der le cas \u00e9ch\u00e9ant.<\/p>\n<p>Pour les intestins, qui sont aussi \u00e0 \u00ab\u00a0nettoyer de temps en temps, on proc\u00e8de soit \u00e0 des lavements soit \u00e0 une hydroth\u00e9rapie du c\u00f4lon dont vous avez la description au chapitre suivant.<\/p>\n<p>De tr\u00e8s nombreux t\u00e9moignages de r\u00e9sultats par ces m\u00e9thodes m\u2019ont depuis longtemps confirm\u00e9 leur utilit\u00e9 pour ne pas dire leur n\u00e9cessit\u00e9.<\/p>\n","protected":false},"excerpt":{"rendered":"<p>De tr\u00e8s nombreuses personnes ont le foie ou les reins encombr\u00e9s. Comme n\u2019importe quel organisme, le m\u00e9tabolisme produit des d\u00e9chets que nous avons parfois un peu de mal \u00e0 \u00e9liminer, Les deux organes fonctionnent comme des filtres et dans une \u00ab\u00a0utilisation\u00a0\u00bb dite normale, ils s\u2019autonettoient. Cependant, avec le temps, un encrassement se produit chez de [&hellip;]<\/p>\n","protected":false},"author":1,"featured_media":611,"parent":22,"menu_order":6,"comment_status":"closed","ping_status":"closed","template":"page_fullwidth.php","meta":{"footnotes":""},"class_list":["post-29","page","type-page","status-publish","has-post-thumbnail","hentry"],"_links":{"self":[{"href":"http:\/\/praxis-guillmot.eu\/index.php?rest_route=\/wp\/v2\/pages\/29"}],"collection":[{"href":"http:\/\/praxis-guillmot.eu\/index.php?rest_route=\/wp\/v2\/pages"}],"about":[{"href":"http:\/\/praxis-guillmot.eu\/index.php?rest_route=\/wp\/v2\/types\/page"}],"author":[{"embeddable":true,"href":"http:\/\/praxis-guillmot.eu\/index.php?rest_route=\/wp\/v2\/users\/1"}],"replies":[{"embeddable":true,"href":"http:\/\/praxis-guillmot.eu\/index.php?rest_route=%2Fwp%2Fv2%2Fcomments&post=29"}],"version-history":[{"count":1,"href":"http:\/\/praxis-guillmot.eu\/index.php?rest_route=\/wp\/v2\/pages\/29\/revisions"}],"predecessor-version":[{"id":680,"href":"http:\/\/praxis-guillmot.eu\/index.php?rest_route=\/wp\/v2\/pages\/29\/revisions\/680"}],"up":[{"embeddable":true,"href":"http:\/\/praxis-guillmot.eu\/index.php?rest_route=\/wp\/v2\/pages\/22"}],"wp:featuredmedia":[{"embeddable":true,"href":"http:\/\/praxis-guillmot.eu\/index.php?rest_route=\/wp\/v2\/media\/611"}],"wp:attachment":[{"href":"http:\/\/praxis-guillmot.eu\/index.php?rest_route=%2Fwp%2Fv2%2Fmedia&parent=29"}],"curies":[{"name":"wp","href":"https:\/\/api.w.org\/{rel}","templated":true}]}}