{"id":37,"date":"2013-04-05T15:24:53","date_gmt":"2013-04-05T14:24:53","guid":{"rendered":"http:\/\/praxis-guillmot.eu\/?page_id=37"},"modified":"2018-03-17T13:42:59","modified_gmt":"2018-03-17T12:42:59","slug":"contact","status":"publish","type":"page","link":"http:\/\/praxis-guillmot.eu\/?page_id=37","title":{"rendered":"Contact"},"content":{"rendered":"<div id=\"g1-box-content-counter-1\" class=\"g1-box-content\">\n<div class=\"g1-inner\">\n<p style=\"text-align: justify;\"><span style=\"color: black;\">Pour toute question, demande de renseignement ou de rendez-vous, n\u2019h\u00e9sitez pas \u00e0 me contacter soit par mail, soit par t\u00e9l\u00e9phone.<\/span><\/p>\n<p>&nbsp;<\/p>\n<p style=\"text-align: center;\">Horaires : lundi \u00e0 vendredi, sur rendez-vous<\/p>\n<p>&nbsp;<\/p>\n<p style=\"text-align: center;\" align=\"center\">En France\u00a0: Bertrand Guillmot \u2013 61 avenue de Colmar, 67100 Strasbourg<\/p>\n<p style=\"text-align: center;\" align=\"center\">Au Maroc\u00a0: Villa 79, Borj Ennakhil 2, Nakhil sud, Route de F\u00e8s, Marrakech<\/p>\n<p style=\"text-align: center;\" align=\"center\"><a href=\"mailto:bg673@free.fr%20\">bg673@free.fr <\/a><\/p>\n<p style=\"text-align: center;\" align=\"center\">+33.6.85.12.38.66 (portable fran\u00e7ais)<\/p>\n<p style=\"text-align: center;\" align=\"center\">+212.687.132.145 (portable marocain)<\/p>\n<\/div>\n<div class=\"g1-background\"><\/div>\n<\/div>\n","protected":false},"excerpt":{"rendered":"<p>Pour toute question, demande de renseignement ou de rendez-vous, n\u2019h\u00e9sitez pas \u00e0 me contacter soit par mail, soit par t\u00e9l\u00e9phone. &nbsp; Horaires : lundi \u00e0 vendredi, sur rendez-vous &nbsp; En France\u00a0: Bertrand Guillmot \u2013 61 avenue de Colmar, 67100 Strasbourg Au Maroc\u00a0: Villa 79, Borj Ennakhil 2, Nakhil sud, Route de F\u00e8s, Marrakech bg673@free.fr +33.6.85.12.38.66 [&hellip;]<\/p>\n","protected":false},"author":1,"featured_media":0,"parent":0,"menu_order":8,"comment_status":"closed","ping_status":"closed","template":"page_fullwidth.php","meta":{"footnotes":""},"class_list":["post-37","page","type-page","status-publish","hentry"],"_links":{"self":[{"href":"http:\/\/praxis-guillmot.eu\/index.php?rest_route=\/wp\/v2\/pages\/37"}],"collection":[{"href":"http:\/\/praxis-guillmot.eu\/index.php?rest_route=\/wp\/v2\/pages"}],"about":[{"href":"http:\/\/praxis-guillmot.eu\/index.php?rest_route=\/wp\/v2\/types\/page"}],"author":[{"embeddable":true,"href":"http:\/\/praxis-guillmot.eu\/index.php?rest_route=\/wp\/v2\/users\/1"}],"replies":[{"embeddable":true,"href":"http:\/\/praxis-guillmot.eu\/index.php?rest_route=%2Fwp%2Fv2%2Fcomments&post=37"}],"version-history":[{"count":1,"href":"http:\/\/praxis-guillmot.eu\/index.php?rest_route=\/wp\/v2\/pages\/37\/revisions"}],"predecessor-version":[{"id":690,"href":"http:\/\/praxis-guillmot.eu\/index.php?rest_route=\/wp\/v2\/pages\/37\/revisions\/690"}],"wp:attachment":[{"href":"http:\/\/praxis-guillmot.eu\/index.php?rest_route=%2Fwp%2Fv2%2Fmedia&parent=37"}],"curies":[{"name":"wp","href":"https:\/\/api.w.org\/{rel}","templated":true}]}}