{"id":728,"date":"2018-12-05T13:27:48","date_gmt":"2018-12-05T12:27:48","guid":{"rendered":"http:\/\/praxis-guillmot.eu\/?page_id=728"},"modified":"2018-12-05T13:33:18","modified_gmt":"2018-12-05T12:33:18","slug":"oxyven","status":"publish","type":"page","link":"http:\/\/praxis-guillmot.eu\/?page_id=728","title":{"rendered":"Oxyven\u00ae"},"content":{"rendered":"<h3>Qu\u2019est ce que le traitement Oxyven\u00ae\u00a0?<\/h3>\n<p>C\u2019est le transfert d\u2019oxyg\u00e8ne sous forme gazeuse au corps humain par intraveineuse.<\/p>\n<p>Souvent, cette simple id\u00e9e inqui\u00e8te les personnes qui en entendent parler la premi\u00e8re fois. Parce que nous avons touts cette vision du m\u00e9decin ou de l\u2019infirmi\u00e8re qui tapote une seringue avec une chiquenaude pour faire monter les petites bulles d\u2019air afin de pouvoir les \u00e9vacuer de la seringue. Or ces petites bulles d\u2019air ne pr\u00e9sentent pas le moindre risque, que ce soit pour une injection en intra-veineuse, \u2013 musculaire ou sous-cutan\u00e9e. Il faut au moins 15 \u00e0 17 ml d\u2019air pour que cela pose probl\u00e8me parce que cela d\u00e9samorcerait la pompe du sang\u00a0: le c\u0153ur.<\/p>\n<p>Donc pour la m\u00e9thode Oxyven\u00ae, on injecte de l\u2019oxyg\u00e8ne au rythme de 1 \u00e0 2 ml par minute, ce qui lui donne plus que largement le temps d\u2019\u00eatre dissous dans le sang et donc ne poser aucun probl\u00e8me.<\/p>\n<p>&nbsp;<\/p>\n<h3>Dans quels cas une th\u00e9rapie d\u2019oxyg\u00e8ne en intraveineuse est-elle justifi\u00e9e\u00a0?<\/h3>\n<p>Dans tous les cas de carence en oxyg\u00e8ne, la th\u00e9rapie Oxyven est un excellent moyen de diminuer sensiblement les sympt\u00f4mes cliniques correspondants\u00a0:<\/p>\n<ul>\n<li>Troubles circulatoires (par ex. dans les jambes)<\/li>\n<li>Allergies<\/li>\n<li>Troubles de l\u2019\u00e9rection<\/li>\n<li>Troubles du sommeil<\/li>\n<li>Etat de fatigue<\/li>\n<li>Rhume des foins<\/li>\n<li>Asthme<\/li>\n<li>Neurodermite<\/li>\n<li>Ecz\u00e9ma chronique<\/li>\n<li>Psoriasis<\/li>\n<li>Faiblesse h\u00e9patique et r\u00e9nale<\/li>\n<li>\u0152d\u00e8me dans les jambes<\/li>\n<li>Polyneuropathie<\/li>\n<li>Perturbation de la m\u00e9moire<\/li>\n<li>Suite d\u2019AVC<\/li>\n<li>Migraines<\/li>\n<li>Hypertension art\u00e9rielle<\/li>\n<li>Suite d\u2019infarctus du myocarde<\/li>\n<li>Angine de poitrine<\/li>\n<li>Insuffisance cardiaque<\/li>\n<li>Pertes subites d\u2019audition et vertiges<\/li>\n<li>Acouph\u00e8nes<\/li>\n<li>D\u00e9g\u00e9n\u00e9rescence maculaire<\/li>\n<li>Th\u00e9rapie adjuvante des cancers, sp\u00e9cialement pour diminuer les effets secondaires des chimioth\u00e9rapies et des radioth\u00e9rapies<\/li>\n<\/ul>\n<h3>Effets positifs de la th\u00e9rapie<\/h3>\n<ul>\n<li>Stabilisation du syst\u00e8me cardiovasculaire<\/li>\n<li>Revitalisation , par ex. gr\u00e2ce \u00e0 l\u2019am\u00e9lioration du d\u00e9bit sanguin c\u00e9r\u00e9bral<\/li>\n<li>Sommeil r\u00e9parateur\u00a0: dur\u00e9e et profondeur du sommeil am\u00e9lior\u00e9s, am\u00e9lioration nette de l\u2019humeur (effet antid\u00e9presseur)<\/li>\n<li>Diminution des douleurs au repos et de mouvement<\/li>\n<li>Allongement mesurable de la distance de marche<\/li>\n<li>Am\u00e9lioration de la capacit\u00e9 visuelle et auditive<\/li>\n<li>Am\u00e9lioration de la capacit\u00e9 respiratoire<\/li>\n<li>Am\u00e9lioration du syst\u00e8me immunitaire<\/li>\n<\/ul>\n<p>Les effets sont mesurables par exemple par analyses sanguines, mesures de la pression art\u00e9rielle, am\u00e9lioration de la capacit\u00e9 visuelle et mesures par effet Doppler.<\/p>\n<h3>La mise en \u0153uvre du traitement Oxyven\u00ae<\/h3>\n<p>Le traitement se passe allong\u00e9. Avec l\u2019appareil Oxyven\u00ae, seulement de petites quantit\u00e9s d\u2019oxyg\u00e8ne sont administr\u00e9es. La vitesse d\u2019insufflation est de 1 \u00e0 2 ml par minute.<\/p>\n<p>L\u2019apport d\u2019oxyg\u00e8ne se fait par des aiguilles tr\u00e8s petites ce qui rend la piqure presque indolore. Apr\u00e8s l\u2019apport d\u2019oxyg\u00e8ne, il faut rester allong\u00e9 encore 15 \u00e0 20 minutes. Apr\u00e8s ce d\u00e9lai, l\u2019oxyg\u00e8ne dans le sang s\u2019est totalement dilu\u00e9.<\/p>\n<p>&nbsp;<\/p>\n<table width=\"677\">\n<tbody>\n<tr>\n<td colspan=\"6\" width=\"677\">Th\u00e9rapie oxyg\u00e8ne en intraveineuse<\/td>\n<\/tr>\n<tr>\n<td><\/td>\n<td><\/td>\n<td><\/td>\n<td><\/td>\n<td><\/td>\n<td><\/td>\n<\/tr>\n<tr>\n<td colspan=\"3\">Enqu\u00e8te m\u00e9dicale \u00e0 environ 170 cabinet pour plus de 9,000 cas<\/td>\n<td><\/td>\n<td><\/td>\n<td><\/td>\n<\/tr>\n<tr>\n<td><\/td>\n<td><\/td>\n<td><\/td>\n<td><\/td>\n<td><\/td>\n<td><\/td>\n<\/tr>\n<tr>\n<td>Indications<\/td>\n<td width=\"89\">Fortement<br \/>\nam\u00e9lior\u00e9<\/td>\n<td>Am\u00e9lior\u00e9<\/td>\n<td width=\"71\">aucun changt<\/td>\n<td width=\"61\">Pire<\/td>\n<td width=\"79\">Nombre<br \/>\ntotal<\/td>\n<\/tr>\n<tr>\n<td>Vaisseaux, probl\u00e8mes circulatoires<\/td>\n<td>%<\/td>\n<td>%<\/td>\n<td>%<\/td>\n<td>%<\/td>\n<td><\/td>\n<\/tr>\n<tr>\n<td>Perturbation veineuse<\/td>\n<td>44<\/td>\n<td>53<\/td>\n<td>3<\/td>\n<td>0<\/td>\n<td>456<\/td>\n<\/tr>\n<tr>\n<td>Perturbation art\u00e9rielle, claudication intermittente<\/td>\n<td>53<\/td>\n<td>42<\/td>\n<td>5<\/td>\n<td>0<\/td>\n<td>1007<\/td>\n<\/tr>\n<tr>\n<td>Perturbation lymphatique, \u0153d\u00e8me<\/td>\n<td>37<\/td>\n<td>54<\/td>\n<td>9<\/td>\n<td>0<\/td>\n<td>78<\/td>\n<\/tr>\n<tr>\n<td>Trouble trophique<\/td>\n<td>29<\/td>\n<td>66<\/td>\n<td>4<\/td>\n<td>1<\/td>\n<td>107<\/td>\n<\/tr>\n<tr>\n<td>Ulc\u00e8re<\/td>\n<td>52<\/td>\n<td>41<\/td>\n<td>7<\/td>\n<td>0<\/td>\n<td>233<\/td>\n<\/tr>\n<tr>\n<td>Gangr\u00e8ne<\/td>\n<td>47<\/td>\n<td>45<\/td>\n<td>8<\/td>\n<td>0<\/td>\n<td>101<\/td>\n<\/tr>\n<tr>\n<td>AVC, insuffisance li\u00e9 \u00e0 l&rsquo;\u00e2ge<\/td>\n<td>41<\/td>\n<td>52<\/td>\n<td>7<\/td>\n<td>0<\/td>\n<td>886<\/td>\n<\/tr>\n<tr>\n<td>Etat post-apoplectique<\/td>\n<td>30<\/td>\n<td>64<\/td>\n<td>5<\/td>\n<td>1<\/td>\n<td>240<\/td>\n<\/tr>\n<tr>\n<td>Maladie coronaire (angine de poitrine)<\/td>\n<td>50<\/td>\n<td>49<\/td>\n<td>1<\/td>\n<td>0<\/td>\n<td>464<\/td>\n<\/tr>\n<tr>\n<td>Suite d&rsquo;un accident isch\u00e9mique temporaire<\/td>\n<td>32<\/td>\n<td>64<\/td>\n<td>4<\/td>\n<td>0<\/td>\n<td>47<\/td>\n<\/tr>\n<tr>\n<td>Traitement post infarctus<\/td>\n<td>42<\/td>\n<td>50<\/td>\n<td>6<\/td>\n<td>2<\/td>\n<td>111<\/td>\n<\/tr>\n<tr>\n<td>Insuffisance cardiaque<\/td>\n<td>36<\/td>\n<td>56<\/td>\n<td>7<\/td>\n<td>1<\/td>\n<td>160<\/td>\n<\/tr>\n<tr>\n<td>Hypertonie art\u00e9rielle, p\u00e9riph\u00e9rique<\/td>\n<td>33<\/td>\n<td>60<\/td>\n<td>7<\/td>\n<td>0<\/td>\n<td>456<\/td>\n<\/tr>\n<tr>\n<td>Hypotonie<\/td>\n<td>32<\/td>\n<td>48<\/td>\n<td>20<\/td>\n<td>0<\/td>\n<td>25<\/td>\n<\/tr>\n<tr>\n<td>Avant op\u00e9ration (amputation, bypass)<\/td>\n<td>43<\/td>\n<td>50<\/td>\n<td>5<\/td>\n<td>2<\/td>\n<td>40<\/td>\n<\/tr>\n<tr>\n<td>Trouble circulatoire vasomoteur, migraine<\/td>\n<td>43<\/td>\n<td>43<\/td>\n<td>14<\/td>\n<td>0<\/td>\n<td>381<\/td>\n<\/tr>\n<tr>\n<td>Varices<\/td>\n<td>43<\/td>\n<td>56<\/td>\n<td>0<\/td>\n<td>1<\/td>\n<td>113<\/td>\n<\/tr>\n<tr>\n<td><\/td>\n<td><\/td>\n<td><\/td>\n<td><\/td>\n<td><\/td>\n<td><\/td>\n<\/tr>\n<tr>\n<td>Allergies et maladie de peau<\/td>\n<td><\/td>\n<td><\/td>\n<td><\/td>\n<td><\/td>\n<td><\/td>\n<\/tr>\n<tr>\n<td>Rhinoconjonctivite saisonni\u00e8re<\/td>\n<td>46<\/td>\n<td>48<\/td>\n<td>6<\/td>\n<td>0<\/td>\n<td>87<\/td>\n<\/tr>\n<tr>\n<td>Rhinite allergique<\/td>\n<td>43<\/td>\n<td>48<\/td>\n<td>9<\/td>\n<td>0<\/td>\n<td>28<\/td>\n<\/tr>\n<tr>\n<td>Dermatite allergique<\/td>\n<td>30<\/td>\n<td>70<\/td>\n<td>0<\/td>\n<td>0<\/td>\n<td>33<\/td>\n<\/tr>\n<tr>\n<td>Pollinose<\/td>\n<td>58<\/td>\n<td>42<\/td>\n<td>0<\/td>\n<td>0<\/td>\n<td>55<\/td>\n<\/tr>\n<tr>\n<td>Dermatite atopique (Neurodermite)<\/td>\n<td>46<\/td>\n<td>42<\/td>\n<td>12<\/td>\n<td>0<\/td>\n<td>206<\/td>\n<\/tr>\n<tr>\n<td>Ecz\u00e9ma chronique<\/td>\n<td>50<\/td>\n<td>40<\/td>\n<td>10<\/td>\n<td>0<\/td>\n<td>20<\/td>\n<\/tr>\n<tr>\n<td>Psoriasis<\/td>\n<td>42<\/td>\n<td>39<\/td>\n<td>19<\/td>\n<td>0<\/td>\n<td>260<\/td>\n<\/tr>\n<tr>\n<td><\/td>\n<td><\/td>\n<td><\/td>\n<td><\/td>\n<td><\/td>\n<td><\/td>\n<\/tr>\n<tr>\n<td>Maladie du syst\u00e8me respiratoire<\/td>\n<td><\/td>\n<td><\/td>\n<td><\/td>\n<td><\/td>\n<td><\/td>\n<\/tr>\n<tr>\n<td>Asthme<\/td>\n<td>42<\/td>\n<td>52<\/td>\n<td>6<\/td>\n<td>0<\/td>\n<td>229<\/td>\n<\/tr>\n<tr>\n<td>Bronchite obstructive chronique<\/td>\n<td>33<\/td>\n<td>56<\/td>\n<td>9<\/td>\n<td>2<\/td>\n<td>128<\/td>\n<\/tr>\n<tr>\n<td>Sinusite chronique<\/td>\n<td>90<\/td>\n<td>10<\/td>\n<td>0<\/td>\n<td>0<\/td>\n<td>32<\/td>\n<\/tr>\n<tr>\n<td>Emphys\u00e8me pulmonaire<\/td>\n<td>21<\/td>\n<td>66<\/td>\n<td>13<\/td>\n<td>0<\/td>\n<td>29<\/td>\n<\/tr>\n<tr>\n<td><\/td>\n<td><\/td>\n<td><\/td>\n<td><\/td>\n<td><\/td>\n<td><\/td>\n<\/tr>\n<tr>\n<td>Cerveau et syst\u00e8me nerveux<\/td>\n<td><\/td>\n<td><\/td>\n<td><\/td>\n<td><\/td>\n<td><\/td>\n<\/tr>\n<tr>\n<td>Spasmes c\u00e9r\u00e9braux<\/td>\n<td>31<\/td>\n<td>54<\/td>\n<td>15<\/td>\n<td>0<\/td>\n<td>13<\/td>\n<\/tr>\n<tr>\n<td>Etat apr\u00e8s commotion ou contusion c\u00e9r\u00e9brale<\/td>\n<td>20<\/td>\n<td>70<\/td>\n<td>10<\/td>\n<td>0<\/td>\n<td>10<\/td>\n<\/tr>\n<tr>\n<td>Polyneuropathie (aussi diab\u00e9tique)<\/td>\n<td>34<\/td>\n<td>54<\/td>\n<td>12<\/td>\n<td>0<\/td>\n<td>295<\/td>\n<\/tr>\n<tr>\n<td>Instabilit\u00e9 v\u00e9g\u00e9tative<\/td>\n<td>42<\/td>\n<td>51<\/td>\n<td>7<\/td>\n<td>0<\/td>\n<td>169<\/td>\n<\/tr>\n<tr>\n<td><\/td>\n<td><\/td>\n<td><\/td>\n<td><\/td>\n<td><\/td>\n<td><\/td>\n<\/tr>\n<tr>\n<td>Syst\u00e8me urinaire et g\u00e9nital<\/td>\n<td><\/td>\n<td><\/td>\n<td><\/td>\n<td><\/td>\n<td><\/td>\n<\/tr>\n<tr>\n<td>Glom\u00e9rulo- et py\u00e9lo-n\u00e9phrite chronique<\/td>\n<td>46<\/td>\n<td>39<\/td>\n<td>15<\/td>\n<td>0<\/td>\n<td>13<\/td>\n<\/tr>\n<tr>\n<td>Impotence, v\u00e9g\u00e9tative et circulatoire<\/td>\n<td>55<\/td>\n<td>45<\/td>\n<td>0<\/td>\n<td>0<\/td>\n<td>33<\/td>\n<\/tr>\n<tr>\n<td><\/td>\n<td><\/td>\n<td><\/td>\n<td><\/td>\n<td><\/td>\n<td><\/td>\n<\/tr>\n<tr>\n<td>Organe des sens<\/td>\n<td><\/td>\n<td><\/td>\n<td><\/td>\n<td><\/td>\n<td><\/td>\n<\/tr>\n<tr>\n<td>Trouble vasculaire oculaire (d\u00e9g de la macula)<\/td>\n<td>34<\/td>\n<td>51<\/td>\n<td>14<\/td>\n<td>1<\/td>\n<td>320<\/td>\n<\/tr>\n<tr>\n<td>R\u00e9tinite pigmentaire<\/td>\n<td>38<\/td>\n<td>50<\/td>\n<td>12<\/td>\n<td>0<\/td>\n<td>16<\/td>\n<\/tr>\n<tr>\n<td>Glaucome<\/td>\n<td>24<\/td>\n<td>60<\/td>\n<td>16<\/td>\n<td>0<\/td>\n<td>37<\/td>\n<\/tr>\n<tr>\n<td>R\u00e9tinopathie diab\u00e9tique<\/td>\n<td>31<\/td>\n<td>42<\/td>\n<td>25<\/td>\n<td>2<\/td>\n<td>49<\/td>\n<\/tr>\n<tr>\n<td>Vertiges vestibulaires<\/td>\n<td>38<\/td>\n<td>50<\/td>\n<td>12<\/td>\n<td>0<\/td>\n<td>153<\/td>\n<\/tr>\n<tr>\n<td>Acouph\u00e8nes chroniques<\/td>\n<td>25<\/td>\n<td>41<\/td>\n<td>34<\/td>\n<td>0<\/td>\n<td>380<\/td>\n<\/tr>\n<tr>\n<td>Acouph\u00e8nes aig\u00fcs<\/td>\n<td>50<\/td>\n<td>44<\/td>\n<td>6<\/td>\n<td>0<\/td>\n<td>66<\/td>\n<\/tr>\n<tr>\n<td>Etat post perte d&rsquo;audition<\/td>\n<td>56<\/td>\n<td>39<\/td>\n<td>5<\/td>\n<td>0<\/td>\n<td>135<\/td>\n<\/tr>\n<tr>\n<td>Morbus M\u00e9ni\u00e8re<\/td>\n<td>35<\/td>\n<td>44<\/td>\n<td>21<\/td>\n<td>0<\/td>\n<td>43<\/td>\n<\/tr>\n<tr>\n<td><\/td>\n<td><\/td>\n<td><\/td>\n<td><\/td>\n<td><\/td>\n<td><\/td>\n<\/tr>\n<tr>\n<td>Utilisations particuli\u00e8res<\/td>\n<td><\/td>\n<td><\/td>\n<td><\/td>\n<td><\/td>\n<td><\/td>\n<\/tr>\n<tr>\n<td>Etat d&rsquo;\u00e9puisement<\/td>\n<td>52<\/td>\n<td>46<\/td>\n<td>2<\/td>\n<td>0<\/td>\n<td>578<\/td>\n<\/tr>\n<tr>\n<td>Perturbations psychosomatique, du sommeil<\/td>\n<td>59<\/td>\n<td>36<\/td>\n<td>5<\/td>\n<td>0<\/td>\n<td>606<\/td>\n<\/tr>\n<tr>\n<td>D\u00e9pression involutive<\/td>\n<td>50<\/td>\n<td>31<\/td>\n<td>19<\/td>\n<td>0<\/td>\n<td>36<\/td>\n<\/tr>\n<tr>\n<td>Reconvalescence<\/td>\n<td>46<\/td>\n<td>54<\/td>\n<td>0<\/td>\n<td>0<\/td>\n<td>35<\/td>\n<\/tr>\n<tr>\n<td>Maladies du foie, dommages au foie<\/td>\n<td>40<\/td>\n<td>50<\/td>\n<td>5<\/td>\n<td>5<\/td>\n<td>20<\/td>\n<\/tr>\n<tr>\n<td>Diab\u00e8te, syndrome m\u00e9tabolique<\/td>\n<td>35<\/td>\n<td>61<\/td>\n<td>4<\/td>\n<td>0<\/td>\n<td>286<\/td>\n<\/tr>\n<tr>\n<td>Hypercholest\u00e9rin\u00e9mie<\/td>\n<td>49<\/td>\n<td>51<\/td>\n<td>0<\/td>\n<td>0<\/td>\n<td>70<\/td>\n<\/tr>\n<tr>\n<td>M. Parkinson<\/td>\n<td>39<\/td>\n<td>28<\/td>\n<td>28<\/td>\n<td>5<\/td>\n<td>39<\/td>\n<\/tr>\n<tr>\n<td>Retard mental<\/td>\n<td>70<\/td>\n<td>15<\/td>\n<td>15<\/td>\n<td>0<\/td>\n<td>14<\/td>\n<\/tr>\n<tr>\n<td><\/td>\n<td><\/td>\n<td><\/td>\n<td><\/td>\n<td><\/td>\n<td><\/td>\n<\/tr>\n<tr>\n<td>M. Alzheimer<\/td>\n<td>25<\/td>\n<td>63<\/td>\n<td>12<\/td>\n<td>0<\/td>\n<td>8<\/td>\n<\/tr>\n<tr>\n<td>Arth\u00e9rioscl\u00e9rose g\u00e9n\u00e9ralis\u00e9e<\/td>\n<td>16<\/td>\n<td>74<\/td>\n<td>10<\/td>\n<td>0<\/td>\n<td>31<\/td>\n<\/tr>\n<tr>\n<td>Angiopathie<\/td>\n<td>18<\/td>\n<td>82<\/td>\n<td>0<\/td>\n<td>0<\/td>\n<td>17<\/td>\n<\/tr>\n<tr>\n<td>Arthrose, arthrite<\/td>\n<td>38<\/td>\n<td>45<\/td>\n<td>14<\/td>\n<td>3<\/td>\n<td>29<\/td>\n<\/tr>\n<tr>\n<td>Colite ulc\u00e9reuse<\/td>\n<td>59<\/td>\n<td>35<\/td>\n<td>6<\/td>\n<td>0<\/td>\n<td>51<\/td>\n<\/tr>\n<tr>\n<td><\/td>\n<td><\/td>\n<td><\/td>\n<td><\/td>\n<td><\/td>\n<td><\/td>\n<\/tr>\n<tr>\n<td>N\u00e9vralgie, trijumeau<\/td>\n<td>18<\/td>\n<td>55<\/td>\n<td>27<\/td>\n<td>0<\/td>\n<td>22<\/td>\n<\/tr>\n<tr>\n<td>Douleurs v\u00e9t\u00e9brales<\/td>\n<td>0<\/td>\n<td>93<\/td>\n<td>7<\/td>\n<td>0<\/td>\n<td>15<\/td>\n<\/tr>\n<tr>\n<td>Rhumatisme<\/td>\n<td>29<\/td>\n<td>54<\/td>\n<td>13<\/td>\n<td>4<\/td>\n<td>24<\/td>\n<\/tr>\n<tr>\n<td width=\"301\">Adjuvant dans traitements biologiques des tumeurs, diminution\u00a0 des effets secondaires des chimios et radios<br \/>\ndes chimios et radios<\/td>\n<td>32<\/td>\n<td>55<\/td>\n<td>11<\/td>\n<td>2<\/td>\n<td>183<\/td>\n<\/tr>\n<\/tbody>\n<\/table>\n","protected":false},"excerpt":{"rendered":"<p>Qu\u2019est ce que le traitement Oxyven\u00ae\u00a0? C\u2019est le transfert d\u2019oxyg\u00e8ne sous forme gazeuse au corps humain par intraveineuse. Souvent, cette simple id\u00e9e inqui\u00e8te les personnes qui en entendent parler la premi\u00e8re fois. Parce que nous avons touts cette vision du m\u00e9decin ou de l\u2019infirmi\u00e8re qui tapote une seringue avec une chiquenaude pour faire monter les [&hellip;]<\/p>\n","protected":false},"author":1,"featured_media":0,"parent":22,"menu_order":0,"comment_status":"closed","ping_status":"closed","template":"page_fullwidth.php","meta":{"footnotes":""},"class_list":["post-728","page","type-page","status-publish","hentry"],"_links":{"self":[{"href":"http:\/\/praxis-guillmot.eu\/index.php?rest_route=\/wp\/v2\/pages\/728"}],"collection":[{"href":"http:\/\/praxis-guillmot.eu\/index.php?rest_route=\/wp\/v2\/pages"}],"about":[{"href":"http:\/\/praxis-guillmot.eu\/index.php?rest_route=\/wp\/v2\/types\/page"}],"author":[{"embeddable":true,"href":"http:\/\/praxis-guillmot.eu\/index.php?rest_route=\/wp\/v2\/users\/1"}],"replies":[{"embeddable":true,"href":"http:\/\/praxis-guillmot.eu\/index.php?rest_route=%2Fwp%2Fv2%2Fcomments&post=728"}],"version-history":[{"count":2,"href":"http:\/\/praxis-guillmot.eu\/index.php?rest_route=\/wp\/v2\/pages\/728\/revisions"}],"predecessor-version":[{"id":730,"href":"http:\/\/praxis-guillmot.eu\/index.php?rest_route=\/wp\/v2\/pages\/728\/revisions\/730"}],"up":[{"embeddable":true,"href":"http:\/\/praxis-guillmot.eu\/index.php?rest_route=\/wp\/v2\/pages\/22"}],"wp:attachment":[{"href":"http:\/\/praxis-guillmot.eu\/index.php?rest_route=%2Fwp%2Fv2%2Fmedia&parent=728"}],"curies":[{"name":"wp","href":"https:\/\/api.w.org\/{rel}","templated":true}]}}