{"id":9,"date":"2013-04-05T15:18:06","date_gmt":"2013-04-05T14:18:06","guid":{"rendered":"http:\/\/praxis-guillmot.eu\/?page_id=9"},"modified":"2018-03-17T13:32:15","modified_gmt":"2018-03-17T12:32:15","slug":"presentation","status":"publish","type":"page","link":"http:\/\/praxis-guillmot.eu\/?page_id=9","title":{"rendered":"Pr\u00e9sentation"},"content":{"rendered":"<h3 style=\"text-align: left;\">Je suis Heilpraktiker \u2013 Praticien de sant\u00e9<\/h3>\n<ul>\n<li>\u00a0form\u00e9 \u00e0 la Paracelsus-Schule de Karlsruhe<\/li>\n<li>examen du service de sant\u00e9 du Bade-Wurtemberg en mai 2008<\/li>\n<li>ouverture du cabinet d\u00e9but 2009<\/li>\n<li>membre de l\u2019association de Heilpraktiker libres d\u2019Allemagne<\/li>\n<li>formation en aromath\u00e9rapie en 2010<\/li>\n<\/ul>\n<p>La base de mon travail est une vision holistique de la personne\u00a0: on ne peut pas aider le patient \u00e0 gu\u00e9rir un organe malade si on ne s\u2019occupe que de cet organe. Il faut de plus une observation et une \u00e9coute attentives, une anamn\u00e8se pr\u00e9cise, de bonnes connaissances m\u00e9dicales et un diagnostic d\u00e9taill\u00e9.<\/p>\n<p>Un autre point capital dans mon travail\u00a0: je ne gu\u00e9ri personne, j\u2019aide la personne \u00e0 gu\u00e9rir par elle-m\u00eame, je lui indique un chemin possible vers la gu\u00e9rison.<\/p>\n<p>Il est donc important d\u2019expliquer au patient de fa\u00e7on claire et compr\u00e9hensible les tenants et les aboutissants de son \u00e9tat de sant\u00e9 ainsi que les implications m\u00e9dicales. Gr\u00e2ce \u00e0 la formation continue et \u00e0 des s\u00e9minaires sp\u00e9cialis\u00e9s r\u00e9guliers, j\u2019am\u00e9liore constamment mes connaissances et reste par l\u00e0 au courant des derni\u00e8res d\u00e9couvertes m\u00e9dicales.<\/p>\n","protected":false},"excerpt":{"rendered":"<p>Je suis Heilpraktiker \u2013 Praticien de sant\u00e9 \u00a0form\u00e9 \u00e0 la Paracelsus-Schule de Karlsruhe examen du service de sant\u00e9 du Bade-Wurtemberg en mai 2008 ouverture du cabinet d\u00e9but 2009 membre de l\u2019association de Heilpraktiker libres d\u2019Allemagne formation en aromath\u00e9rapie en 2010 La base de mon travail est une vision holistique de la personne\u00a0: on ne peut [&hellip;]<\/p>\n","protected":false},"author":1,"featured_media":0,"parent":41,"menu_order":1,"comment_status":"closed","ping_status":"closed","template":"page_fullwidth.php","meta":{"footnotes":""},"class_list":["post-9","page","type-page","status-publish","hentry"],"_links":{"self":[{"href":"http:\/\/praxis-guillmot.eu\/index.php?rest_route=\/wp\/v2\/pages\/9"}],"collection":[{"href":"http:\/\/praxis-guillmot.eu\/index.php?rest_route=\/wp\/v2\/pages"}],"about":[{"href":"http:\/\/praxis-guillmot.eu\/index.php?rest_route=\/wp\/v2\/types\/page"}],"author":[{"embeddable":true,"href":"http:\/\/praxis-guillmot.eu\/index.php?rest_route=\/wp\/v2\/users\/1"}],"replies":[{"embeddable":true,"href":"http:\/\/praxis-guillmot.eu\/index.php?rest_route=%2Fwp%2Fv2%2Fcomments&post=9"}],"version-history":[{"count":2,"href":"http:\/\/praxis-guillmot.eu\/index.php?rest_route=\/wp\/v2\/pages\/9\/revisions"}],"predecessor-version":[{"id":716,"href":"http:\/\/praxis-guillmot.eu\/index.php?rest_route=\/wp\/v2\/pages\/9\/revisions\/716"}],"up":[{"embeddable":true,"href":"http:\/\/praxis-guillmot.eu\/index.php?rest_route=\/wp\/v2\/pages\/41"}],"wp:attachment":[{"href":"http:\/\/praxis-guillmot.eu\/index.php?rest_route=%2Fwp%2Fv2%2Fmedia&parent=9"}],"curies":[{"name":"wp","href":"https:\/\/api.w.org\/{rel}","templated":true}]}}